{"id":4865,"date":"2021-02-18T12:21:54","date_gmt":"2021-02-18T12:21:54","guid":{"rendered":"https:\/\/cinerama.qodeinteractive.com\/elementor\/?page_id=4865"},"modified":"2025-12-08T20:39:22","modified_gmt":"2025-12-08T19:39:22","slug":"our-work-flow","status":"publish","type":"page","link":"https:\/\/alvarocampoydistribucion.es\/?page_id=4865","title":{"rendered":"Mi trabajo"},"content":{"rendered":"\t\t<div data-elementor-type=\"wp-page\" data-elementor-id=\"4865\" class=\"elementor elementor-4865\">\n\t\t\t\t\t\t<section class=\"elementor-section elementor-top-section elementor-element elementor-element-e9d1527 elementor-section-full_width elementor-section-height-default elementor-section-height-default edgtf-parallax-row-no edgtf-content-aligment-left edgtf-elementor-row-grid-no edgtf-disabled-bg-image-bellow-no\" data-id=\"e9d1527\" data-element_type=\"section\">\n\t\t\t\t\t\t<div class=\"elementor-container elementor-column-gap-default\">\n\t\t\t\t\t<div class=\"elementor-column elementor-col-100 elementor-top-column elementor-element elementor-element-87096d5\" data-id=\"87096d5\" data-element_type=\"column\">\n\t\t\t<div class=\"elementor-widget-wrap elementor-element-populated\">\n\t\t\t\t\t\t<div class=\"elementor-element elementor-element-f45bd31 elementor-widget elementor-widget-edgtf_interactive_image_with_text\" data-id=\"f45bd31\" data-element_type=\"widget\" data-widget_type=\"edgtf_interactive_image_with_text.default\">\n\t\t\t\t<div class=\"elementor-widget-container\">\n\t\t\t\t\t<div class=\"edgtf-interactive-image-with-text-holder  edgtf-iiwt-has-prefix edgtf-iiwt-prefix-left edgtf-iiwt-small-space \">\n\t\t\t<div class=\"edgtf-iiwt-prefix-holder\">\n\t\t\t<div class=\"edgtf-iiwt-prefix-inner\" style=\"color: #000000\">\n\t\t\t\t<svg class=\"edgtf-iiwt-prefix-text\"><text>01<\/text><\/svg>\n\t\t\t<\/div>\n\t\t<\/div>\n\t\t<div class=\"edgtf-iiwt-inner\">\n\t\t<div class=\"edgtf-iiwt-image\">\n\t\t\t\t\t\t\t<a itemprop=\"url\" href=\"https:\/\/alvarocampoydistribucion.es\/?page_id=4001\" target=\"_blank\">\n\t\t\t\t\t\t\t\t\t\t\t\t<img fetchpriority=\"high\" decoding=\"async\" width=\"2560\" height=\"1707\" src=\"https:\/\/alvarocampoydistribucion.es\/wp-content\/uploads\/2025\/07\/IA4A4082-scaled.jpg\" class=\"attachment-full size-full\" alt=\"\" srcset=\"https:\/\/alvarocampoydistribucion.es\/wp-content\/uploads\/2025\/07\/IA4A4082-scaled.jpg 2560w, https:\/\/alvarocampoydistribucion.es\/wp-content\/uploads\/2025\/07\/IA4A4082-300x200.jpg 300w, https:\/\/alvarocampoydistribucion.es\/wp-content\/uploads\/2025\/07\/IA4A4082-1024x683.jpg 1024w, https:\/\/alvarocampoydistribucion.es\/wp-content\/uploads\/2025\/07\/IA4A4082-768x512.jpg 768w, https:\/\/alvarocampoydistribucion.es\/wp-content\/uploads\/2025\/07\/IA4A4082-1536x1024.jpg 1536w\" sizes=\"(max-width: 2560px) 100vw, 2560px\" \/>\t\t\t\t\t\t\t\t\t\t\t<\/a>\n\t\t\t\t\t<\/div>\n\t\t<div class=\"edgtf-iiwt-content\">\n\t\t\t\t\t\t\t<h2 class=\"edgtf-iiwt-title\" style=\"color: #000000;margin-top: 9px\">Distribuci\u00f3n cinematogr\u00e1fica<\/h2>\n\t\t\t\t\t\t\t\t\t\t<p class=\"edgtf-iiwt-text\" >En mi labor de distribuci\u00f3n cinematogr\u00e1fica he sido encargado tanto de gestionar proyecciones en salas de cine, como en eventos culturales fuera del recorrido oficial. He trabajado tanto con plataformas como Filmin o FlixOl\u00e9, como tambi\u00e9n he podido participar mano a mano en eventos en Barcelona y otras grandes ciudades.<\/p>\n\t\t\t\t\t\t\t\t\t\t<div class=\"edgtf-iiwt-button\" >\n\t\t\t\t\t<a itemprop=\"url\" href=\"https:\/\/vimeo.com\/33025136\" target=\"_self\" style=\"color: #6E80E4\" class=\"edgtf-btn edgtf-btn-medium edgtf-btn-outline edgtf-btn- edgtf-hover-animation\"  >    <span class=\"edgtf-btn-text\">Ver m\u00e1s<\/span>    <\/a>\t\t\t\t<\/div>\n\t\t\t\t\t<\/div>\n\t<\/div>\n<\/div>\t\t\t\t<\/div>\n\t\t\t\t<\/div>\n\t\t\t\t\t<\/div>\n\t\t<\/div>\n\t\t\t\t\t<\/div>\n\t\t<\/section>\n\t\t\t\t<section class=\"elementor-section elementor-top-section elementor-element elementor-element-1185f08 elementor-section-full_width elementor-section-height-default elementor-section-height-default edgtf-parallax-row-no edgtf-content-aligment-left edgtf-elementor-row-grid-no edgtf-disabled-bg-image-bellow-no\" data-id=\"1185f08\" data-element_type=\"section\">\n\t\t\t\t\t\t<div class=\"elementor-container elementor-column-gap-default\">\n\t\t\t\t\t<div class=\"elementor-column elementor-col-100 elementor-top-column elementor-element elementor-element-2b9329f\" data-id=\"2b9329f\" data-element_type=\"column\">\n\t\t\t<div class=\"elementor-widget-wrap elementor-element-populated\">\n\t\t\t\t\t\t<div class=\"elementor-element elementor-element-738a669 elementor-widget elementor-widget-edgtf_interactive_image_with_text\" data-id=\"738a669\" data-element_type=\"widget\" data-widget_type=\"edgtf_interactive_image_with_text.default\">\n\t\t\t\t<div class=\"elementor-widget-container\">\n\t\t\t\t\t<div class=\"edgtf-interactive-image-with-text-holder  edgtf-iiwt-has-prefix edgtf-iiwt-prefix-right edgtf-iiwt-small-space \">\n\t\t\t<div class=\"edgtf-iiwt-prefix-holder\">\n\t\t\t<div class=\"edgtf-iiwt-prefix-inner\" >\n\t\t\t\t<svg class=\"edgtf-iiwt-prefix-text\"><text>02<\/text><\/svg>\n\t\t\t<\/div>\n\t\t<\/div>\n\t\t<div class=\"edgtf-iiwt-inner\">\n\t\t<div class=\"edgtf-iiwt-image\">\n\t\t\t\t\t\t\t<a itemprop=\"url\" href=\"https:\/\/vimeo.com\/203888330\" target=\"_blank\">\n\t\t\t\t\t\t\t\t\t\t\t\t<img decoding=\"async\" width=\"2110\" height=\"1442\" src=\"https:\/\/alvarocampoydistribucion.es\/wp-content\/uploads\/2025\/07\/Captura-de-pantalla-2025-07-09-a-las-15.54.30.png\" class=\"attachment-full size-full\" alt=\"\" srcset=\"https:\/\/alvarocampoydistribucion.es\/wp-content\/uploads\/2025\/07\/Captura-de-pantalla-2025-07-09-a-las-15.54.30.png 2110w, https:\/\/alvarocampoydistribucion.es\/wp-content\/uploads\/2025\/07\/Captura-de-pantalla-2025-07-09-a-las-15.54.30-300x205.png 300w, https:\/\/alvarocampoydistribucion.es\/wp-content\/uploads\/2025\/07\/Captura-de-pantalla-2025-07-09-a-las-15.54.30-1024x700.png 1024w, https:\/\/alvarocampoydistribucion.es\/wp-content\/uploads\/2025\/07\/Captura-de-pantalla-2025-07-09-a-las-15.54.30-768x525.png 768w, https:\/\/alvarocampoydistribucion.es\/wp-content\/uploads\/2025\/07\/Captura-de-pantalla-2025-07-09-a-las-15.54.30-1536x1050.png 1536w\" sizes=\"(max-width: 2110px) 100vw, 2110px\" \/>\t\t\t\t\t\t\t\t\t\t\t<\/a>\n\t\t\t\t\t<\/div>\n\t\t<div class=\"edgtf-iiwt-content\">\n\t\t\t\t\t\t\t<h2 class=\"edgtf-iiwt-title\" style=\"color: #000000;margin-top: 9px\">Producci\u00f3n cinematogr\u00e1fica<\/h2>\n\t\t\t\t\t\t\t\t\t\t<p class=\"edgtf-iiwt-text\" >Tengo varios trabajos como producci\u00f3n tanto en cortometrajes como en largometrajes. Adem\u00e1s he cubierto todo tipo de puestos en un rodaje, desde la ayudant\u00eda de direcci\u00f3n, pasando por ser script e incluso como director art\u00edstico.<\/p>\n\t\t\t\t\t\t\t\t\t\t<div class=\"edgtf-iiwt-button\" >\n\t\t\t\t\t<a itemprop=\"url\" href=\"https:\/\/vimeo.com\/203888330\" target=\"_self\" style=\"color: #6E80E4\" class=\"edgtf-btn edgtf-btn-medium edgtf-btn-outline edgtf-btn- edgtf-hover-animation\"  >    <span class=\"edgtf-btn-text\">Ver m\u00e1s<\/span>    <\/a>\t\t\t\t<\/div>\n\t\t\t\t\t<\/div>\n\t<\/div>\n<\/div>\t\t\t\t<\/div>\n\t\t\t\t<\/div>\n\t\t\t\t\t<\/div>\n\t\t<\/div>\n\t\t\t\t\t<\/div>\n\t\t<\/section>\n\t\t\t\t<section class=\"elementor-section elementor-top-section elementor-element elementor-element-12ff47b elementor-section-full_width elementor-section-height-default elementor-section-height-default edgtf-parallax-row-no edgtf-content-aligment-left edgtf-elementor-row-grid-no edgtf-disabled-bg-image-bellow-no\" data-id=\"12ff47b\" data-element_type=\"section\">\n\t\t\t\t\t\t<div class=\"elementor-container elementor-column-gap-default\">\n\t\t\t\t\t<div class=\"elementor-column elementor-col-100 elementor-top-column elementor-element elementor-element-e67e163\" data-id=\"e67e163\" data-element_type=\"column\">\n\t\t\t<div class=\"elementor-widget-wrap elementor-element-populated\">\n\t\t\t\t\t\t<div class=\"elementor-element elementor-element-945d86c elementor-widget elementor-widget-edgtf_interactive_image_with_text\" data-id=\"945d86c\" data-element_type=\"widget\" data-widget_type=\"edgtf_interactive_image_with_text.default\">\n\t\t\t\t<div class=\"elementor-widget-container\">\n\t\t\t\t\t<div class=\"edgtf-interactive-image-with-text-holder  edgtf-iiwt-has-prefix edgtf-iiwt-prefix-left edgtf-iiwt-small-space \">\n\t\t\t<div class=\"edgtf-iiwt-prefix-holder\">\n\t\t\t<div class=\"edgtf-iiwt-prefix-inner\" >\n\t\t\t\t<svg class=\"edgtf-iiwt-prefix-text\"><text>03<\/text><\/svg>\n\t\t\t<\/div>\n\t\t<\/div>\n\t\t<div class=\"edgtf-iiwt-inner\">\n\t\t<div class=\"edgtf-iiwt-image\">\n\t\t\t\t\t\t\t<a itemprop=\"url\" href=\"https:\/\/vimeo.com\/33025136\" target=\"_blank\">\n\t\t\t\t\t\t\t\t\t\t\t\t<img decoding=\"async\" width=\"1534\" height=\"1072\" src=\"https:\/\/alvarocampoydistribucion.es\/wp-content\/uploads\/2025\/07\/Captura-de-pantalla-2025-07-08-a-las-21.12.16.png\" class=\"attachment-full size-full\" alt=\"\" srcset=\"https:\/\/alvarocampoydistribucion.es\/wp-content\/uploads\/2025\/07\/Captura-de-pantalla-2025-07-08-a-las-21.12.16.png 1534w, https:\/\/alvarocampoydistribucion.es\/wp-content\/uploads\/2025\/07\/Captura-de-pantalla-2025-07-08-a-las-21.12.16-300x210.png 300w, https:\/\/alvarocampoydistribucion.es\/wp-content\/uploads\/2025\/07\/Captura-de-pantalla-2025-07-08-a-las-21.12.16-1024x716.png 1024w, https:\/\/alvarocampoydistribucion.es\/wp-content\/uploads\/2025\/07\/Captura-de-pantalla-2025-07-08-a-las-21.12.16-768x537.png 768w\" sizes=\"(max-width: 1534px) 100vw, 1534px\" \/>\t\t\t\t\t\t\t\t\t\t\t<\/a>\n\t\t\t\t\t<\/div>\n\t\t<div class=\"edgtf-iiwt-content\">\n\t\t\t\t\t\t\t<h2 class=\"edgtf-iiwt-title\" style=\"color: #000000;margin-top: 9px\">CR\u00cdTICA CINEMATOGR\u00c1FICA<\/h2>\n\t\t\t\t\t\t\t\t\t\t<p class=\"edgtf-iiwt-text\" >En este mundo comenc\u00e9 a trav\u00e9s de la escritura y la cr\u00edtica cinematogr\u00e1fica, aspecto que sigo manteniendo colaborando en dos medios digitales como son MundoCine y Cintilatio.<\/p>\n\t\t\t\t\t\t\t\t\t\t<div class=\"edgtf-iiwt-button\" >\n\t\t\t\t\t<a itemprop=\"url\" href=\"https:\/\/vimeo.com\/33025136\" target=\"_self\" style=\"color: #6E80E4\" class=\"edgtf-btn edgtf-btn-medium edgtf-btn-outline edgtf-btn- edgtf-hover-animation\"  >    <span class=\"edgtf-btn-text\">Ver m\u00e1s<\/span>    <\/a>\t\t\t\t<\/div>\n\t\t\t\t\t<\/div>\n\t<\/div>\n<\/div>\t\t\t\t<\/div>\n\t\t\t\t<\/div>\n\t\t\t\t\t<\/div>\n\t\t<\/div>\n\t\t\t\t\t<\/div>\n\t\t<\/section>\n\t\t\t\t<section class=\"elementor-section elementor-top-section elementor-element elementor-element-95d8e71 elementor-section-full_width elementor-section-height-default elementor-section-height-default edgtf-parallax-row-no edgtf-content-aligment-left edgtf-elementor-row-grid-no edgtf-disabled-bg-image-bellow-no\" data-id=\"95d8e71\" data-element_type=\"section\">\n\t\t\t\t\t\t<div class=\"elementor-container elementor-column-gap-default\">\n\t\t\t\t\t<div class=\"elementor-column elementor-col-100 elementor-top-column elementor-element elementor-element-0918b34\" data-id=\"0918b34\" data-element_type=\"column\">\n\t\t\t<div class=\"elementor-widget-wrap elementor-element-populated\">\n\t\t\t\t\t\t<div class=\"elementor-element elementor-element-008ba27 elementor-widget elementor-widget-edgtf_interactive_image_with_text\" data-id=\"008ba27\" data-element_type=\"widget\" data-widget_type=\"edgtf_interactive_image_with_text.default\">\n\t\t\t\t<div class=\"elementor-widget-container\">\n\t\t\t\t\t<div class=\"edgtf-interactive-image-with-text-holder  edgtf-iiwt-has-prefix edgtf-iiwt-prefix-right edgtf-iiwt-small-space \">\n\t\t\t<div class=\"edgtf-iiwt-prefix-holder\">\n\t\t\t<div class=\"edgtf-iiwt-prefix-inner\" style=\"color: #000000\">\n\t\t\t\t<svg class=\"edgtf-iiwt-prefix-text\"><text>04<\/text><\/svg>\n\t\t\t<\/div>\n\t\t<\/div>\n\t\t<div class=\"edgtf-iiwt-inner\">\n\t\t<div class=\"edgtf-iiwt-image\">\n\t\t\t\t\t\t\t<a itemprop=\"url\" href=\"https:\/\/www.youtube.com\/watch?v=MUSNZGYIfD4\" target=\"_blank\">\n\t\t\t\t\t\t\t\t\t\t\t\t<img loading=\"lazy\" decoding=\"async\" width=\"1630\" height=\"1346\" src=\"https:\/\/alvarocampoydistribucion.es\/wp-content\/uploads\/2025\/12\/Captura-de-pantalla-2025-12-08-a-las-20.14.55.png\" class=\"attachment-full size-full\" alt=\"\" srcset=\"https:\/\/alvarocampoydistribucion.es\/wp-content\/uploads\/2025\/12\/Captura-de-pantalla-2025-12-08-a-las-20.14.55.png 1630w, https:\/\/alvarocampoydistribucion.es\/wp-content\/uploads\/2025\/12\/Captura-de-pantalla-2025-12-08-a-las-20.14.55-300x248.png 300w, https:\/\/alvarocampoydistribucion.es\/wp-content\/uploads\/2025\/12\/Captura-de-pantalla-2025-12-08-a-las-20.14.55-1024x846.png 1024w, https:\/\/alvarocampoydistribucion.es\/wp-content\/uploads\/2025\/12\/Captura-de-pantalla-2025-12-08-a-las-20.14.55-768x634.png 768w, https:\/\/alvarocampoydistribucion.es\/wp-content\/uploads\/2025\/12\/Captura-de-pantalla-2025-12-08-a-las-20.14.55-1536x1268.png 1536w\" sizes=\"(max-width: 1630px) 100vw, 1630px\" \/>\t\t\t\t\t\t\t\t\t\t\t<\/a>\n\t\t\t\t\t<\/div>\n\t\t<div class=\"edgtf-iiwt-content\">\n\t\t\t\t\t\t\t<h2 class=\"edgtf-iiwt-title\" style=\"color: #000000;margin-top: 9px\">OTROS PROYECTOS<\/h2>\n\t\t\t\t\t\t\t\t\t\t<p class=\"edgtf-iiwt-text\" >Actualmente tambi\u00e9n me he enmarcado en proyectos de gesti\u00f3n cultural y organizaci\u00f3n de festivales cinematogr\u00e1ficos. Participando en el equipo del Festival de cine franc\u00e9s de M\u00e1laga y autogestionando actividades culturales en mi barrio.<\/p>\n\t\t\t\t\t\t\t\t\t\t<div class=\"edgtf-iiwt-button\" >\n\t\t\t\t\t<a itemprop=\"url\" href=\"https:\/\/www.youtube.com\/watch?v=MUSNZGYIfD4\" target=\"_self\" style=\"color: #6E80E4\" class=\"edgtf-btn edgtf-btn-medium edgtf-btn-outline edgtf-btn- edgtf-hover-animation\"  >    <span class=\"edgtf-btn-text\">Ver m\u00e1s<\/span>    <\/a>\t\t\t\t<\/div>\n\t\t\t\t\t<\/div>\n\t<\/div>\n<\/div>\t\t\t\t<\/div>\n\t\t\t\t<\/div>\n\t\t\t\t\t<\/div>\n\t\t<\/div>\n\t\t\t\t\t<\/div>\n\t\t<\/section>\n\t\t\t\t<\/div>\n\t\t","protected":false},"excerpt":{"rendered":"<p>01 Distribuci\u00f3n cinematogr\u00e1fica En mi labor de distribuci\u00f3n cinematogr\u00e1fica he sido encargado tanto de gestionar proyecciones en [&hellip;]<\/p>\n","protected":false},"author":1,"featured_media":0,"parent":0,"menu_order":0,"comment_status":"closed","ping_status":"closed","template":"full-width.php","meta":{"footnotes":""},"class_list":["post-4865","page","type-page","status-publish","hentry"],"_links":{"self":[{"href":"https:\/\/alvarocampoydistribucion.es\/index.php?rest_route=\/wp\/v2\/pages\/4865","targetHints":{"allow":["GET"]}}],"collection":[{"href":"https:\/\/alvarocampoydistribucion.es\/index.php?rest_route=\/wp\/v2\/pages"}],"about":[{"href":"https:\/\/alvarocampoydistribucion.es\/index.php?rest_route=\/wp\/v2\/types\/page"}],"author":[{"embeddable":true,"href":"https:\/\/alvarocampoydistribucion.es\/index.php?rest_route=\/wp\/v2\/users\/1"}],"replies":[{"embeddable":true,"href":"https:\/\/alvarocampoydistribucion.es\/index.php?rest_route=%2Fwp%2Fv2%2Fcomments&post=4865"}],"version-history":[{"count":20,"href":"https:\/\/alvarocampoydistribucion.es\/index.php?rest_route=\/wp\/v2\/pages\/4865\/revisions"}],"predecessor-version":[{"id":6139,"href":"https:\/\/alvarocampoydistribucion.es\/index.php?rest_route=\/wp\/v2\/pages\/4865\/revisions\/6139"}],"wp:attachment":[{"href":"https:\/\/alvarocampoydistribucion.es\/index.php?rest_route=%2Fwp%2Fv2%2Fmedia&parent=4865"}],"curies":[{"name":"wp","href":"https:\/\/api.w.org\/{rel}","templated":true}]}}